{"id":694,"date":"2023-05-03T08:39:08","date_gmt":"2023-05-03T06:39:08","guid":{"rendered":"https:\/\/rajurwisa.nazwa.pl\/lasergame\/lasergame_nowa_strona\/?page_id=694"},"modified":"2023-06-24T14:53:44","modified_gmt":"2023-06-24T12:53:44","slug":"lasertag","status":"publish","type":"page","link":"https:\/\/lasergame.com.pl\/lasergame_nowa_strona\/lasertag\/","title":{"rendered":"Laser TAG"},"content":{"rendered":"<section class=\"wpb-content-wrapper\">[vc_row enable_container=&#8221;st2&#8243; enable_full_height_sec=&#8221;st2&#8243; section_back_opt=&#8221;dark-bg-1&#8243; sec_text_color_opt=&#8221;text-color-5&#8243;][vc_column][vc_row_inner][vc_column_inner][wr_vc_titles title_style=&#8221;large-title&#8221; padding_bottom=&#8221;bottom-padding-0&#8243;][wr_vc_title title=&#8221;Witamy w \u015bwiecie gier LASER TAG&#8221; animation_delay=&#8221;01&#8243;][\/wr_vc_titles][vc_empty_space height=&#8221;60px&#8221;][\/vc_column_inner][\/vc_row_inner][vc_row_inner][vc_column_inner][wr_vc_titles title_style=&#8221;medium-title&#8221;][wr_vc_title title=&#8221;Scenariusze gier&#8221;][\/wr_vc_titles][\/vc_column_inner][\/vc_row_inner][vc_row_inner][vc_column_inner][wr_vc_titles title_style=&#8221;medium-title&#8221;][wr_vc_title title=&#8221;Gra SOLO&#8221;][\/wr_vc_titles][\/vc_column_inner][\/vc_row_inner][vc_row_inner][vc_column_inner]<div data-animation-container><div data-animation-child class=\"p-style-medium text-color-5 text-left xen-textblock pull-left fade-anim-box tr-delay02\" data-animation=\"fade-anim\">\n<p style=\"text-align: center;\">&#8220;Ka\u017cdy na ka\u017cdego&#8221; . Jest to naszym zdaniem najprostszy wariant proponowany pocz\u0105tkuj\u0105cym graczom. W grze mo\u017ce bra\u0107 udzia\u0142 dowolna ilo\u015b\u0107 os\u00f3b (minimalnie 2).<\/p>\n<p style=\"text-align: center;\">Trafiaj\u0105c przeciwnika gracz zdobywa punkty, kiedy gracz zostaje trafiony punkty zostaj\u0105 utracone. Ca\u0142kowita ilo\u015b\u0107 punkt\u00f3w decyduje o zajmowanej pozycji w tabeli. Dopuszcza si\u0119 gr\u0119 w dw\u00f3ch wariantach.<\/p>\n<p style=\"text-align: center;\">Pierwszy tak zwany &#8220;Unlimited&#8221; w kt\u00f3rym gracz otrzymuje nieograniczon\u0105 ilo\u015b\u0107 amunicji oraz \u017cy\u0107.<\/p>\n<p style=\"text-align: center;\">W drugim wariancie ilo\u015bci \u017cy\u0107 oraz amunicji jest limitowana a po jej wyczerpaniu gracz musi uda\u0107 si\u0119 do specjalnego miejsca zwanego &#8220;Recharger&#8221; w celu do\u0142adowania. Ilo\u015b\u0107 do\u0142adowa\u0144 jest nieograniczona.<b><\/b><\/p>\n<\/div><\/div>[\/vc_column_inner][\/vc_row_inner][vc_row_inner][vc_column_inner][wr_vc_titles title_style=&#8221;medium-title&#8221;][wr_vc_title title=&#8221;Team game&#8221;][\/wr_vc_titles][\/vc_column_inner][\/vc_row_inner][vc_row_inner][vc_column_inner]<div data-animation-container><div data-animation-child class=\"p-style-medium text-color-5 text-left xen-textblock pull-left fade-anim-box tr-delay02\" data-animation=\"fade-anim\">\n<p style=\"text-align: center;\">&#8220;Gra dru\u017cynowa&#8221;. Jest to klasyczna gra dru\u017cynowa w kt\u00f3rej gracze zostaj\u0105 podzieleni na dwie dru\u017cyny. Wygrywa dru\u017cyna kt\u00f3rej gracze zdob\u0119d\u0105 najwi\u0119cej punkt\u00f3w, punkty graczy z danej dru\u017cyny s\u0105 sumowane. Wariant gry jest proponowany od 4 os\u00f3b wzwy\u017c. Nie ma obowi\u0105zku, aby w dru\u017cynach znajdowa\u0142a si\u0119 ta sama ilo\u015b\u0107 os\u00f3b. W zale\u017cno\u015bci od stopnia zaawansowania mo\u017cna wybra\u0107 wariant, w kt\u00f3rym trafienia do graczy ze swojej dru\u017cyny s\u0105 wy\u0142\u0105czone lub te\u017c nie. Dodaje to dodatkowy stopie\u0144 trudno\u015bci, gdy\u017c przypadkowe trafienie gracza ze swojej dru\u017cyny zabiera punkty osobie trafionej i strzelaj\u0105cej w efekcie czego dru\u017cyna traci a\u017c dwa punkty.<\/p>\n<p style=\"text-align: center;\">Gra dru\u017cynowa, podobnie jak i &#8220;Solo&#8221; jest dost\u0119pna w opcji &#8220;Unlimited&#8221; oraz w opcji z do\u0142adowywaniem w bazach.<b><\/b><\/p>\n<\/div><\/div>[\/vc_column_inner][\/vc_row_inner][vc_row_inner][vc_column_inner][wr_vc_titles title_style=&#8221;medium-title&#8221;][wr_vc_title title=&#8221;VIP defense&#8221;][\/wr_vc_titles][\/vc_column_inner][\/vc_row_inner][vc_row_inner][vc_column_inner]<div data-animation-container><div data-animation-child class=\"p-style-medium text-color-5 text-left xen-textblock pull-left fade-anim-box tr-delay02\" data-animation=\"fade-anim\">\n<p style=\"text-align: center;\">&#8220;Ochrona VIP-a&#8221;. Jest to bardzo ciekawy dru\u017cynowy wariant gry kt\u00f3rego celem jest zdobycie jak najwi\u0119kszej ilo\u015bci punkt\u00f3w dla swojej dru\u017cyny.<\/p>\n<p style=\"text-align: center;\">W ka\u017cdej dru\u017cynie wybieramy VIP-a kt\u00f3ry zostaje naznaczony specjalne opask\u0119.<\/p>\n<p style=\"text-align: center;\">Punkty s\u0105 przydzielane tylko i wy\u0142\u0105cznie za strza\u0142y do VIPa dru\u017cyny przeciwnej, tak wi\u0119c celem pozosta\u0142ych graczy jest ochrona swojego wybra\u0144ca i atak na VIP-a dru\u017cyny przeciwnej. Ka\u017cde trafienie do przeciwnika deaktywuje go jak w pozosta\u0142ych scenariuszach, jednakie nie s\u0105 za to naliczane punkty. Zaleca si\u0119 aby w grze bra\u0142o udzia\u0142 przynajmniej 6 os\u00f3b (po 3 w ka\u017cdej z dru\u017cyn).<\/p>\n<p style=\"text-align: center;\">Gra jest dost\u0119pna zar\u00f3wno w opcji &#8220;Unlimited&#8221; jak i z do\u0142adowywaniem w bazach. Ze wzgl\u0119du na to \u017ce zwyci\u0119stwo zale\u017cy od kooperacji w ramach danej dru\u017cyny, wariant ten jest szczeg\u00f3lnie proponowany w zaj\u0119ciach typu Teambuilding.<\/p>\n<\/div><\/div>[\/vc_column_inner][\/vc_row_inner][vc_row_inner][vc_column_inner][wr_vc_titles title_style=&#8221;medium-title&#8221;][wr_vc_title title=&#8221;Death Match&#8221;][\/wr_vc_titles][\/vc_column_inner][\/vc_row_inner][vc_row_inner][vc_column_inner]<div data-animation-container><div data-animation-child class=\"p-style-medium text-color-5 text-left xen-textblock pull-left fade-anim-box tr-delay02\" data-animation=\"fade-anim\">\n<p style=\"text-align: center;\">&#8220;\u015amiertelna rozgrywka&#8221;. Kolejny wariant gry w kt\u00f3rym celem jest zdobycie jak najwi\u0119kszej ilo\u015bci punkt\u00f3w. Gra jest dost\u0119pna zar\u00f3wno w wariancie solo jak i dru\u017cynowym. Ka\u017cdy z graczy zaczyna maj\u0105c okre\u015blon\u0105 ilo\u015b\u0107 \u017cy\u0107, kt\u00f3re musz\u0105 mu wystarczy\u0107 do ko\u0144ca gry.<\/p>\n<p style=\"text-align: center;\">Limitowana ilo\u015b\u0107 \u017cy\u0107 dostarcza dodatkowej adrenaliny, trzyma w napi\u0119ciu a celem jest przecie\u017c r\u00f3wnie\u017c przetrwanie. Ilo\u015b\u0107 \u017cy\u0107 zosta\u0142a tak dobrana aby zapewni\u0107 graczom mo\u017cliwie jak najd\u0142u\u017cszy czas gry. Standardowo gra ko\u0144czy si\u0119 po 20 minutach, dla graczy kt\u00f3rzy utracili ju\u017c wszystkie \u017cycia ko\u0144czy si\u0119 wcze\u015bniej. Zasady naliczania punkt\u00f3w s\u0105 takie same jak w pozosta\u0142ych scenariuszach. Zaleca si\u0119 aby w grze bra\u0142o udzia\u0142 przynajmniej 6 os\u00f3b.<\/p>\n<\/div><\/div>[\/vc_column_inner][\/vc_row_inner][vc_row_inner][vc_column_inner][wr_vc_titles title_style=&#8221;medium-title&#8221;][wr_vc_title title=&#8221;Laser Sniper&#8221;][\/wr_vc_titles][\/vc_column_inner][\/vc_row_inner][vc_row_inner][vc_column_inner]<div data-animation-container><div data-animation-child class=\"p-style-medium text-color-5 text-left xen-textblock pull-left fade-anim-box tr-delay02\" data-animation=\"fade-anim\">\n<p style=\"text-align: center;\">&#8220;Snajper&#8221;. Jest to wariant gry w kt\u00f3rym nacisk k\u0142adzie si\u0119 na celno\u015b\u0107 oraz umiej\u0119tne pos\u0142ugiwanie si\u0119 amunicj\u0105.<\/p>\n<p style=\"text-align: center;\">Celem gry jest zdobycie jak najwi\u0119kszej ilo\u015bci punkt\u00f3w jednakie gracze zostaj\u0105 wyposa\u017ceni w bardzo ma\u0142\u0105 ilo\u015b\u0107 amunicji po wyczerpaniu kt\u00f3rej musz\u0105 uda\u0107 si\u0119 do bazy w celu do\u0142adowania.<\/p>\n<p style=\"text-align: center;\">Gra jest dost\u0119pna zar\u00f3wno w wariancie solo jak dru\u017cynowym, czas trwania gry to 20 minut. Ilo\u015b\u0107 do\u0142adowa\u0144 w bazach jest nieograniczona.<\/p>\n<\/div><\/div>[\/vc_column_inner][\/vc_row_inner][vc_row_inner][vc_column_inner][wr_vc_titles title_style=&#8221;medium-title&#8221;][wr_vc_title title=&#8221;Reality&#8221;][\/wr_vc_titles][\/vc_column_inner][\/vc_row_inner][vc_row_inner][vc_column_inner]<div data-animation-container><div data-animation-child class=\"p-style-medium text-color-5 text-left xen-textblock pull-left fade-anim-box tr-delay02\" data-animation=\"fade-anim\">\n<p style=\"text-align: center;\">&#8220;Ilo\u015b\u0107 \u017cy\u0107&#8221; to oczywi\u015bcie byt wirtualny, w tym scenariuszu zmierzamy bli\u017cej ku rzeczywisto\u015bci. Ka\u017cdy z graczy ma jedno \u017cycie a z jego utrat\u0105 wi\u0105\u017ce si\u0119 wizyta w bazie w celu ponownego odrodzenia. Bardzo ciekawy scenariusz dzi\u0119ki kt\u00f3remu mo\u017cemy poprawi\u0107 swoj\u0105 czujno\u015b\u0107 oraz zdolno\u015bci obronne. Celem gry jest zdobycie jak najwi\u0119kszej ilo\u015bci punkt\u00f3w, ilo\u015b\u0107 do\u0142adowa\u0144 w bazie jest nieograniczona.<\/p>\n<p style=\"text-align: center;\">Gra jest dost\u0119pna zar\u00f3wno w wariancie solo jak i dru\u017cynowym.<\/p>\n<\/div><\/div>[\/vc_column_inner][\/vc_row_inner][vc_row_inner][vc_column_inner][wr_vc_titles title_style=&#8221;medium-title&#8221;][wr_vc_title title=&#8221;Projekt Areny Kielce&#8221;][\/wr_vc_titles][\/vc_column_inner][\/vc_row_inner]<img decoding=\"async\" src=\"https:\/\/lasergame.com.pl\/lasergame_nowa_strona\/wp-content\/uploads\/2023\/05\/projekt_areny.jpg\" alt=\"projekt_areny\">[\/vc_column][\/vc_row][vc_row row_type=&#8221;sec2&#8243; xen_background_image=&#8221;778&#8243; enable_container_back_img=&#8221;st3&#8243;][vc_column]<a href=\"\/\/www.youtube.com\/watch?v=a92gkFU7k5Y\" class=\"video-play-button popup-youtube pointer-large no-animation\">\n\t\t\t\t\t<span><\/span>\n\t\t\t\t<\/a>[\/vc_column][\/vc_row]\n<\/section>","protected":false},"excerpt":{"rendered":"<p>[vc_row enable_container=&#8221;st2&#8243; enable_full_height_sec=&#8221;st2&#8243; section_back_opt=&#8221;dark-bg-1&#8243; sec_text_color_opt=&#8221;text-color-5&#8243;][vc_column][vc_row_inner][vc_column_inner][wr_vc_titles title_style=&#8221;large-title&#8221; padding_bottom=&#8221;bottom-padding-0&#8243;][wr_vc_title title=&#8221;Witamy w \u015bwiecie gier LASER TAG&#8221; animation_delay=&#8221;01&#8243;][\/wr_vc_titles][vc_empty_space height=&#8221;60px&#8221;][\/vc_column_inner][\/vc_row_inner][vc_row_inner][vc_column_inner][wr_vc_titles title_style=&#8221;medium-title&#8221;][wr_vc_title title=&#8221;Scenariusze gier&#8221;][\/wr_vc_titles][\/vc_column_inner][\/vc_row_inner][vc_row_inner][vc_column_inner][wr_vc_titles title_style=&#8221;medium-title&#8221;][wr_vc_title title=&#8221;Gra SOLO&#8221;][\/wr_vc_titles][\/vc_column_inner][\/vc_row_inner][vc_row_inner][vc_column_inner][\/vc_column_inner][\/vc_row_inner][vc_row_inner][vc_column_inner][wr_vc_titles title_style=&#8221;medium-title&#8221;][wr_vc_title&#8230;<\/p>\n","protected":false},"author":1,"featured_media":636,"parent":0,"menu_order":0,"comment_status":"closed","ping_status":"closed","template":"","meta":{"footnotes":""},"class_list":["post-694","page","type-page","status-publish","has-post-thumbnail","hentry"],"_links":{"self":[{"href":"https:\/\/lasergame.com.pl\/lasergame_nowa_strona\/wp-json\/wp\/v2\/pages\/694","targetHints":{"allow":["GET"]}}],"collection":[{"href":"https:\/\/lasergame.com.pl\/lasergame_nowa_strona\/wp-json\/wp\/v2\/pages"}],"about":[{"href":"https:\/\/lasergame.com.pl\/lasergame_nowa_strona\/wp-json\/wp\/v2\/types\/page"}],"author":[{"embeddable":true,"href":"https:\/\/lasergame.com.pl\/lasergame_nowa_strona\/wp-json\/wp\/v2\/users\/1"}],"replies":[{"embeddable":true,"href":"https:\/\/lasergame.com.pl\/lasergame_nowa_strona\/wp-json\/wp\/v2\/comments?post=694"}],"version-history":[{"count":19,"href":"https:\/\/lasergame.com.pl\/lasergame_nowa_strona\/wp-json\/wp\/v2\/pages\/694\/revisions"}],"predecessor-version":[{"id":801,"href":"https:\/\/lasergame.com.pl\/lasergame_nowa_strona\/wp-json\/wp\/v2\/pages\/694\/revisions\/801"}],"wp:featuredmedia":[{"embeddable":true,"href":"https:\/\/lasergame.com.pl\/lasergame_nowa_strona\/wp-json\/wp\/v2\/media\/636"}],"wp:attachment":[{"href":"https:\/\/lasergame.com.pl\/lasergame_nowa_strona\/wp-json\/wp\/v2\/media?parent=694"}],"curies":[{"name":"wp","href":"https:\/\/api.w.org\/{rel}","templated":true}]}}