{"id":467,"date":"2020-01-11T19:36:13","date_gmt":"2020-01-11T19:36:13","guid":{"rendered":"http:\/\/webredox.net\/demo\/wp\/xen\/?page_id=12"},"modified":"2023-06-24T15:28:02","modified_gmt":"2023-06-24T13:28:02","slug":"home","status":"publish","type":"page","link":"https:\/\/lasergame.com.pl\/lasergame_nowa_strona\/","title":{"rendered":"Strona g\u0142\u00f3wna"},"content":{"rendered":"<section class=\"wpb-content-wrapper\">[vc_row enable_container=&#8221;st2&#8243; enable_full_height_sec=&#8221;st2&#8243; section_back_opt=&#8221;dark-bg-1&#8243; sec_text_color_opt=&#8221;text-color-5&#8243;][vc_column][vc_row_inner][vc_column_inner][wr_vc_titles title_style=&#8221;large-title&#8221; padding_bottom=&#8221;bottom-padding-0&#8243;][wr_vc_title title=&#8221;LASER TAG&#8221; animation_delay=&#8221;01&#8243;][\/wr_vc_titles][\/vc_column_inner][\/vc_row_inner][vc_row_inner][vc_column_inner width=&#8221;1\/2&#8243;]<div data-animation-container><div data-animation-child class=\"p-style-medium text-color-5 text-left xen-textblock pull-left fade-anim-box tr-delay02\" data-animation=\"fade-anim\">\n<p>Pierwsza w Kielcach arena LASER TAG czyli arena do elektronicznego paintball-a. To \u015bwiat znany z gier komputerowych przeniesiony do realnego \u015bwiata.<\/p>\n<p>Jest to zabawa, w kt\u00f3rej uczestnicy wyposa\u017ceni w bro\u0144 laserow\u0105 i specjalne kamizelki rywalizuj\u0105 ze sob\u0105 indywidualnie lub zespo\u0142owo o miano lidera.<\/div><\/div>[\/vc_column_inner][vc_column_inner width=&#8221;1\/2&#8243;]<div data-animation-container><div data-animation-child class=\"p-style-medium text-color-5 text-left xen-textblock pull-left fade-anim-box tr-delay03\" data-animation=\"fade-anim\">\n<p>LASER TAG to nie tylko strzelanie ale te\u017c strategia, a tak\u017ce wsp\u00f3\u0142praca zespo\u0142owa.<\/p>\n<p>Wszystko odbywa si\u0119 w specjalnym do tego celu przystosowanym pomieszczeniu &#8211; LASEROWEJ ARENIE. Labirynt, opony, ogromne stalowe beczki, lampy UV, fluorescencyjne graffiti wprowadzaj\u0105 graczy w klimat znany z monitor\u00f3w komputer\u00f3w.<\/div><\/div>[\/vc_column_inner][\/vc_row_inner][wr_vc_titles][wr_vc_title title=&#8221;Wspania\u0142a zabawa dla ma\u0142ych i du\u017cych!&#8221;][\/wr_vc_titles][\/vc_column][\/vc_row][vc_row row_type=&#8221;sec2&#8243; xen_background_image=&#8221;778&#8243; enable_container_back_img=&#8221;st3&#8243; sec_text_color_opt=&#8221;text-color-4&#8243; row_padding_top=&#8221;no-padding-top&#8221; row_padding_bottom=&#8221;no-padding-bottom&#8221;][vc_column]<a href=\"https:\/\/www.youtube.com\/watch?v=a92gkFU7k5Y\" class=\"video-play-button popup-youtube pointer-large no-animation\">\n\t\t\t\t\t<span><\/span>\n\t\t\t\t<\/a>[\/vc_column][\/vc_row][vc_row enable_container=&#8221;st2&#8243; enable_full_height_sec=&#8221;st2&#8243; section_back_opt=&#8221;dark-bg-1&#8243; sec_text_color_opt=&#8221;text-color-5&#8243;][vc_column][vc_row_inner][vc_column_inner][wr_vc_titles title_style=&#8221;large-title&#8221; padding_bottom=&#8221;bottom-padding-0&#8243;][wr_vc_title title=&#8221;Disco :VR&#8221; animation_delay=&#8221;01&#8243;][\/wr_vc_titles][\/vc_column_inner][\/vc_row_inner][vc_row_inner][vc_column_inner width=&#8221;1\/2&#8243;]<div data-animation-container><div data-animation-child class=\"p-style-medium text-color-5 text-left xen-textblock pull-left fade-anim-box tr-delay02\" data-animation=\"fade-anim\">\n<p>To technologia dzi\u0119ki kt\u00f3rej przeniesiesz si\u0119 do Wirtualnej Rzeczywisto\u015bci.<br \/>\nJest to nowa formy rozrywki rodem z film\u00f3w i ksi\u0105\u017cek science-fiction.<\/p>\n<p>Najnowocze\u015bniejsza technologia i sprz\u0119t dost\u0119pne na rynku to wst\u0119p do cyber\u015bwiata.<\/div><\/div>[\/vc_column_inner][vc_column_inner width=&#8221;1\/2&#8243;]<div data-animation-container><div data-animation-child class=\"p-style-medium text-color-5 text-left xen-textblock pull-left fade-anim-box tr-delay03\" data-animation=\"fade-anim\">\n<p>Wszyscy marz\u0105 o tym, aby nie ogl\u0105da\u0107 gier na ekranie monitora lub telewizora, a poczu\u0107 si\u0119 zupe\u0142nie tak, jakby byli w samym centrum wydarze\u0144.<\/p>\n<p>Jest to mo\u017cliwe w\u0142a\u015bnie dzi\u0119ki wirtualnej rzeczywisto\u015bci oraz technologii w niej zastosowanej.<\/div><\/div>[\/vc_column_inner][\/vc_row_inner][wr_vc_titles][wr_vc_title title=&#8221;Niezapomniane emocje i wra\u017cenia!&#8221;][\/wr_vc_titles][\/vc_column][\/vc_row][vc_row row_type=&#8221;sec2&#8243; xen_background_image=&#8221;675&#8243; enable_container_back_img=&#8221;st3&#8243; sec_text_color_opt=&#8221;text-color-4&#8243; row_padding_top=&#8221;no-padding-top&#8221; row_padding_bottom=&#8221;no-padding-bottom&#8221;][vc_column]<a href=\"https:\/\/www.youtube.com\/watch?v=3CECM0Zv6b8\" class=\"video-play-button popup-youtube pointer-large no-animation\">\n\t\t\t\t\t<span><\/span>\n\t\t\t\t<\/a>[\/vc_column][\/vc_row][vc_row enable_container=&#8221;st2&#8243; section_back_opt=&#8221;dark-bg-2&#8243; sec_text_color_opt=&#8221;text-color-4&#8243;][vc_column css=&#8221;.vc_custom_1683007302338{background-color: #1b2a2f !important;}&#8221;][vc_row_inner][vc_column_inner][wr_vc_titles title_style=&#8221;large-title&#8221; padding_bottom=&#8221;bottom-padding-0&#8243;][wr_vc_title title=&#8221;PARTNERZY&#8221; animation_delay=&#8221;01&#8243;][\/wr_vc_titles][\/vc_column_inner][\/vc_row_inner][wr_vc_clients class=&#8221;test-class&#8221;][wr_vc_client button_url=&#8221;https:\/\/rajurwisa.pl&#8221; image=&#8221;550&#8243; image_hover=&#8221;550&#8243;][wr_vc_client button_url=&#8221;https:\/\/akademiakreatywnosci.pl&#8221; image=&#8221;542&#8243; image_hover=&#8221;542&#8243;][wr_vc_client button_url=&#8221;https:\/\/dancefit.pl&#8221; image=&#8221;543&#8243; image_hover=&#8221;543&#8243;][wr_vc_client button_url=&#8221;https:\/\/coachpl.com\/&#8221; image=&#8221;554&#8243; image_hover=&#8221;554&#8243;][\/wr_vc_clients][\/vc_column][\/vc_row]\n<\/section>","protected":false},"excerpt":{"rendered":"<p>[vc_row enable_container=&#8221;st2&#8243; enable_full_height_sec=&#8221;st2&#8243; section_back_opt=&#8221;dark-bg-1&#8243; sec_text_color_opt=&#8221;text-color-5&#8243;][vc_column][vc_row_inner][vc_column_inner][wr_vc_titles title_style=&#8221;large-title&#8221; padding_bottom=&#8221;bottom-padding-0&#8243;][wr_vc_title title=&#8221;LASER TAG&#8221; animation_delay=&#8221;01&#8243;][\/wr_vc_titles][\/vc_column_inner][\/vc_row_inner][vc_row_inner][vc_column_inner width=&#8221;1\/2&#8243;][\/vc_column_inner][vc_column_inner width=&#8221;1\/2&#8243;][\/vc_column_inner][\/vc_row_inner][wr_vc_titles][wr_vc_title title=&#8221;Wspania\u0142a zabawa dla ma\u0142ych i du\u017cych!&#8221;][\/wr_vc_titles][\/vc_column][\/vc_row][vc_row row_type=&#8221;sec2&#8243; xen_background_image=&#8221;778&#8243; enable_container_back_img=&#8221;st3&#8243; sec_text_color_opt=&#8221;text-color-4&#8243;&#8230;<\/p>\n","protected":false},"author":1,"featured_media":764,"parent":0,"menu_order":0,"comment_status":"closed","ping_status":"closed","template":"","meta":{"footnotes":""},"class_list":["post-467","page","type-page","status-publish","has-post-thumbnail","hentry"],"_links":{"self":[{"href":"https:\/\/lasergame.com.pl\/lasergame_nowa_strona\/wp-json\/wp\/v2\/pages\/467","targetHints":{"allow":["GET"]}}],"collection":[{"href":"https:\/\/lasergame.com.pl\/lasergame_nowa_strona\/wp-json\/wp\/v2\/pages"}],"about":[{"href":"https:\/\/lasergame.com.pl\/lasergame_nowa_strona\/wp-json\/wp\/v2\/types\/page"}],"author":[{"embeddable":true,"href":"https:\/\/lasergame.com.pl\/lasergame_nowa_strona\/wp-json\/wp\/v2\/users\/1"}],"replies":[{"embeddable":true,"href":"https:\/\/lasergame.com.pl\/lasergame_nowa_strona\/wp-json\/wp\/v2\/comments?post=467"}],"version-history":[{"count":58,"href":"https:\/\/lasergame.com.pl\/lasergame_nowa_strona\/wp-json\/wp\/v2\/pages\/467\/revisions"}],"predecessor-version":[{"id":820,"href":"https:\/\/lasergame.com.pl\/lasergame_nowa_strona\/wp-json\/wp\/v2\/pages\/467\/revisions\/820"}],"wp:featuredmedia":[{"embeddable":true,"href":"https:\/\/lasergame.com.pl\/lasergame_nowa_strona\/wp-json\/wp\/v2\/media\/764"}],"wp:attachment":[{"href":"https:\/\/lasergame.com.pl\/lasergame_nowa_strona\/wp-json\/wp\/v2\/media?parent=467"}],"curies":[{"name":"wp","href":"https:\/\/api.w.org\/{rel}","templated":true}]}}